{"id":1968,"date":"2023-12-20T15:25:30","date_gmt":"2023-12-20T18:25:30","guid":{"rendered":"https:\/\/www.yampi.com.br\/blog\/?page_id=1968"},"modified":"2024-01-17T18:11:03","modified_gmt":"2024-01-17T21:11:03","slug":"central-de-banners","status":"publish","type":"page","link":"https:\/\/www.yampi.com.br\/blog\/central-de-banners\/","title":{"rendered":"Central De Banners"},"content":{"rendered":"\n<blockquote class=\"wp-block-quote is-layout-flow wp-block-quote-is-layout-flow\">\n<p>Diversos modelos de banners gratuitos para voc\u00ea utilizar em sua Loja Virtual da Yampi.<\/p>\n<\/blockquote>\n\n\n\n<div class=\"wp-block-columns is-layout-flex wp-container-core-columns-is-layout-9d6595d7 wp-block-columns-is-layout-flex\">\n<div class=\"wp-block-column is-layout-flow wp-block-column-is-layout-flow\">\n<figure class=\"wp-block-image size-large\"><a href=\"https:\/\/www.yampi.com.br\/blog\/central-de-banners\/banners-loja-de-tecnologia\/\"><img decoding=\"async\" width=\"1024\" height=\"427\" src=\"https:\/\/www.yampi.com.br\/blog\/wp-content\/uploads\/2023\/12\/banner-completo-1600x667px-tecnologia-1-1024x427.png\" alt=\"\" class=\"wp-image-1969\" srcset=\"https:\/\/www.yampi.com.br\/blog\/wp-content\/uploads\/2023\/12\/banner-completo-1600x667px-tecnologia-1-1024x427.png 1024w, https:\/\/www.yampi.com.br\/blog\/wp-content\/uploads\/2023\/12\/banner-completo-1600x667px-tecnologia-1-300x125.png 300w, https:\/\/www.yampi.com.br\/blog\/wp-content\/uploads\/2023\/12\/banner-completo-1600x667px-tecnologia-1-768x320.png 768w, https:\/\/www.yampi.com.br\/blog\/wp-content\/uploads\/2023\/12\/banner-completo-1600x667px-tecnologia-1.png 1600w\" sizes=\"(max-width: 1024px) 100vw, 1024px\" \/><\/a><\/figure>\n\n\n\n<p><a href=\"https:\/\/www.yampi.com.br\/blog\/central-de-banners\/banners-loja-de-tecnologia\/\">Banners loja de tecnologia<\/a><\/p>\n<\/div>\n\n\n\n<div class=\"wp-block-column is-layout-flow wp-block-column-is-layout-flow\">\n<figure class=\"wp-block-image size-full\"><a href=\"https:\/\/www.yampi.com.br\/blog\/central-de-banners\/banners-loja-home-decor\/\"><img decoding=\"async\" width=\"920\" height=\"384\" src=\"https:\/\/www.yampi.com.br\/blog\/wp-content\/uploads\/2023\/12\/banner-completo-1600x667px-home-e-decor-1.jpg\" alt=\"\" class=\"wp-image-1970\" srcset=\"https:\/\/www.yampi.com.br\/blog\/wp-content\/uploads\/2023\/12\/banner-completo-1600x667px-home-e-decor-1.jpg 920w, https:\/\/www.yampi.com.br\/blog\/wp-content\/uploads\/2023\/12\/banner-completo-1600x667px-home-e-decor-1-300x125.jpg 300w, https:\/\/www.yampi.com.br\/blog\/wp-content\/uploads\/2023\/12\/banner-completo-1600x667px-home-e-decor-1-768x321.jpg 768w\" sizes=\"(max-width: 920px) 100vw, 920px\" \/><\/a><\/figure>\n\n\n\n<p><a href=\"https:\/\/www.yampi.com.br\/blog\/central-de-banners\/banners-loja-home-decor\/\">Banners loja home &amp; decor<\/a><\/p>\n<\/div>\n<\/div>\n\n\n\n<div class=\"wp-block-columns is-layout-flex wp-container-core-columns-is-layout-9d6595d7 wp-block-columns-is-layout-flex\">\n<div class=\"wp-block-column is-layout-flow wp-block-column-is-layout-flow\">\n<figure class=\"wp-block-image size-full\"><a href=\"https:\/\/www.yampi.com.br\/blog\/central-de-banners\/banners-loja-publico-teen\/\"><img decoding=\"async\" width=\"920\" height=\"384\" src=\"https:\/\/www.yampi.com.br\/blog\/wp-content\/uploads\/2023\/12\/banner-completo-1600x667px-teen-4.jpg\" alt=\"\" class=\"wp-image-1971\" srcset=\"https:\/\/www.yampi.com.br\/blog\/wp-content\/uploads\/2023\/12\/banner-completo-1600x667px-teen-4.jpg 920w, https:\/\/www.yampi.com.br\/blog\/wp-content\/uploads\/2023\/12\/banner-completo-1600x667px-teen-4-300x125.jpg 300w, https:\/\/www.yampi.com.br\/blog\/wp-content\/uploads\/2023\/12\/banner-completo-1600x667px-teen-4-768x321.jpg 768w\" sizes=\"(max-width: 920px) 100vw, 920px\" \/><\/a><\/figure>\n\n\n\n<p><a href=\"https:\/\/www.yampi.com.br\/blog\/central-de-banners\/banners-loja-publico-teen\/\">Banners loja p\u00fablico teen<\/a><\/p>\n<\/div>\n\n\n\n<div class=\"wp-block-column is-layout-flow wp-block-column-is-layout-flow\">\n<figure class=\"wp-block-image size-full\"><a href=\"https:\/\/www.yampi.com.br\/blog\/central-de-banners\/banners-loja-de-moda-e-beleza\/\"><img decoding=\"async\" width=\"920\" height=\"384\" src=\"https:\/\/www.yampi.com.br\/blog\/wp-content\/uploads\/2023\/12\/banner-completo-1600x667px-moda-beleza-1.jpg\" alt=\"\" class=\"wp-image-1972\" srcset=\"https:\/\/www.yampi.com.br\/blog\/wp-content\/uploads\/2023\/12\/banner-completo-1600x667px-moda-beleza-1.jpg 920w, https:\/\/www.yampi.com.br\/blog\/wp-content\/uploads\/2023\/12\/banner-completo-1600x667px-moda-beleza-1-300x125.jpg 300w, https:\/\/www.yampi.com.br\/blog\/wp-content\/uploads\/2023\/12\/banner-completo-1600x667px-moda-beleza-1-768x321.jpg 768w\" sizes=\"(max-width: 920px) 100vw, 920px\" \/><\/a><\/figure>\n\n\n\n<p><a href=\"https:\/\/www.yampi.com.br\/blog\/central-de-banners\/banners-loja-de-moda-e-beleza\/\">Banners loja de moda e beleza<\/a><\/p>\n<\/div>\n<\/div>\n\n\n\n<div class=\"wp-block-columns is-layout-flex wp-container-core-columns-is-layout-9d6595d7 wp-block-columns-is-layout-flex\">\n<div class=\"wp-block-column is-layout-flow wp-block-column-is-layout-flow\">\n<figure class=\"wp-block-image size-full\"><a href=\"https:\/\/www.yampi.com.br\/blog\/central-de-banners\/banners-loja-de-beleza-50-de-desconto\/\"><img decoding=\"async\" width=\"920\" height=\"384\" src=\"https:\/\/www.yampi.com.br\/blog\/wp-content\/uploads\/2023\/12\/banner-completo-1600x667px-beleza-desconto.jpeg\" alt=\"\" class=\"wp-image-1973\" srcset=\"https:\/\/www.yampi.com.br\/blog\/wp-content\/uploads\/2023\/12\/banner-completo-1600x667px-beleza-desconto.jpeg 920w, https:\/\/www.yampi.com.br\/blog\/wp-content\/uploads\/2023\/12\/banner-completo-1600x667px-beleza-desconto-300x125.jpeg 300w, https:\/\/www.yampi.com.br\/blog\/wp-content\/uploads\/2023\/12\/banner-completo-1600x667px-beleza-desconto-768x321.jpeg 768w\" sizes=\"(max-width: 920px) 100vw, 920px\" \/><\/a><\/figure>\n\n\n\n<p><a href=\"https:\/\/www.yampi.com.br\/blog\/central-de-banners\/banners-loja-de-beleza-50-de-desconto\/\">Banners loja de beleza: 50% de desconto<\/a><\/p>\n<\/div>\n\n\n\n<div class=\"wp-block-column is-layout-flow wp-block-column-is-layout-flow\">\n<figure class=\"wp-block-image size-full\"><a href=\"https:\/\/www.yampi.com.br\/blog\/central-de-banners\/banners-femininos-de-colecoes\/\"><img decoding=\"async\" width=\"920\" height=\"383\" src=\"https:\/\/www.yampi.com.br\/blog\/wp-content\/uploads\/2023\/12\/banner-principal-fixo-1200x500px-feminino.jpg\" alt=\"\" class=\"wp-image-1980\" srcset=\"https:\/\/www.yampi.com.br\/blog\/wp-content\/uploads\/2023\/12\/banner-principal-fixo-1200x500px-feminino.jpg 920w, https:\/\/www.yampi.com.br\/blog\/wp-content\/uploads\/2023\/12\/banner-principal-fixo-1200x500px-feminino-300x125.jpg 300w, https:\/\/www.yampi.com.br\/blog\/wp-content\/uploads\/2023\/12\/banner-principal-fixo-1200x500px-feminino-768x320.jpg 768w\" sizes=\"(max-width: 920px) 100vw, 920px\" \/><\/a><\/figure>\n\n\n\n<p><a href=\"https:\/\/www.yampi.com.br\/blog\/central-de-banners\/banners-femininos-de-colecoes\/\">Banners femininos de cole\u00e7\u00f5es<\/a><\/p>\n<\/div>\n<\/div>\n\n\n\n<hr class=\"wp-block-separator has-alpha-channel-opacity\"\/>\n\n\n\n<h2 class=\"wp-block-heading\">Como eu fa\u00e7o para usar os banners?<\/h2>\n\n\n\n<p><strong>Veja como \u00e9 simples! Siga o passo a passo abaixo:<\/strong><\/p>\n\n\n\n<ol class=\"wp-block-list\">\n<li>Escolha o banner que deseja usar e clique em \u201cBaixar\u201d<\/li>\n\n\n\n<li>O banner agora estar\u00e1 em sua pasta \u201cDownload\u201d em seu computador.<\/li>\n\n\n\n<li>Acesse sua loja da Yampi &gt; Marketing &gt; Banners. Adicione o banner que acabou de baixar no local indicado.<\/li>\n<\/ol>\n\n\n\n<figure class=\"wp-block-image size-full\"><img decoding=\"async\" width=\"739\" height=\"337\" src=\"https:\/\/www.yampi.com.br\/blog\/wp-content\/uploads\/2023\/12\/central-de-banners-king-yampi.png\" alt=\"\" class=\"wp-image-1976\" srcset=\"https:\/\/www.yampi.com.br\/blog\/wp-content\/uploads\/2023\/12\/central-de-banners-king-yampi.png 739w, https:\/\/www.yampi.com.br\/blog\/wp-content\/uploads\/2023\/12\/central-de-banners-king-yampi-300x137.png 300w\" sizes=\"(max-width: 739px) 100vw, 739px\" \/><\/figure>\n\n\n\n<ol class=\"wp-block-list\" start=\"4\">\n<li>Termine de preencher as informa\u00e7\u00f5es necess\u00e1rias no formul\u00e1rio e salve.<\/li>\n\n\n\n<li>Agora \u00e9 s\u00f3 acessar <strong>Loja virtual<\/strong> \u2192 <strong>Personalizar<\/strong> \u2192 <strong>P\u00e1gina principal<\/strong> e adicionar o novo banner em sua loja virtual. Pronto!<\/li>\n<\/ol>\n\n\n\n<hr class=\"wp-block-separator has-alpha-channel-opacity\"\/>\n\n\n\n<h2 class=\"wp-block-heading\">Orienta\u00e7\u00f5es sobre os banners:<\/h2>\n\n\n\n<p><strong><strong>Medidas recomendadas<\/strong> para computador:<\/strong><\/p>\n\n\n\n<ul class=\"wp-block-list\">\n<li>Banner principal &#8211; tela cheia: 1600px X 667px<\/li>\n\n\n\n<li>Banner principal &#8211; tamanho fixo: 1200px X 500px<\/li>\n\n\n\n<li>2 banners na loja virtual: 583px X 350px<\/li>\n\n\n\n<li>3 banners na loja virtual: 377px X 276px<\/li>\n<\/ul>\n\n\n\n<p><strong><strong><strong>Medidas recomendadas<\/strong> para <\/strong>celular:<\/strong><\/p>\n\n\n\n<ul class=\"wp-block-list\">\n<li>Todos devem medir: 500px X 375px<\/li>\n<\/ul>\n\n\n\n<p><strong>Tamanho do arquivo:<\/strong> arquivos at\u00e9 500KB<\/p>\n\n\n\n<hr class=\"wp-block-separator has-alpha-channel-opacity\"\/>\n\n\n\n<iframe frameborder=\"0\" style=\"overflow:scroll; width: 100%; height: 360px\" src=\"https:\/\/ujowwsa28q6.typeform.com\/to\/F8IykfHE\" marginheight=\"1\" marginwidth=\"1\" name=\"banner-suggestion-research\" id=\"banner-suggestion-research\" seamless=\"seamless\" scrolling=\"no\" frameborder=\"0\" allowtransparency=\"true\"><\/iframe>\n","protected":false},"excerpt":{"rendered":"<p>Diversos modelos de banners gratuitos para voc\u00ea utilizar em sua Loja Virtual da Yampi. Banners loja de tecnologia Banners loja home &amp; decor Banners loja p\u00fablico teen Banners loja de moda e beleza Banners loja de beleza: 50% de desconto Banners femininos de cole\u00e7\u00f5es Como eu fa\u00e7o para usar os banners? Veja como \u00e9 simples! [&hellip;]<\/p>\n","protected":false},"author":18,"featured_media":1987,"parent":0,"menu_order":0,"comment_status":"closed","ping_status":"closed","template":"","meta":{"_acf_changed":false,"inline_featured_image":false,"footnotes":""},"class_list":["post-1968","page","type-page","status-publish","has-post-thumbnail","hentry"],"acf":[],"yoast_head":"<!-- This site is optimized with the Yoast SEO plugin v25.0 - https:\/\/yoast.com\/wordpress\/plugins\/seo\/ -->\n<title>Central De Banners - Blog da Yampi<\/title>\n<meta name=\"description\" content=\"Diversos modelos de banners gratuitos para voc\u00ea utilizar em sua Loja Virtual da Yampi.\" \/>\n<meta name=\"robots\" content=\"noindex, nofollow\" \/>\n<meta property=\"og:locale\" content=\"pt_BR\" \/>\n<meta property=\"og:type\" content=\"article\" \/>\n<meta property=\"og:title\" content=\"Central De Banners - Blog da Yampi\" \/>\n<meta property=\"og:description\" content=\"Diversos modelos de banners gratuitos para voc\u00ea utilizar em sua Loja Virtual da Yampi.\" \/>\n<meta property=\"og:url\" content=\"https:\/\/www.yampi.com.br\/blog\/central-de-banners\/\" \/>\n<meta property=\"og:site_name\" content=\"Blog da Yampi\" \/>\n<meta property=\"article:publisher\" content=\"https:\/\/www.facebook.com\/somosyampi\" \/>\n<meta property=\"article:modified_time\" content=\"2024-01-17T21:11:03+00:00\" \/>\n<meta property=\"og:image\" content=\"https:\/\/www.yampi.com.br\/blog\/wp-content\/uploads\/2023\/12\/banner-completo-mobile-500x375px-tecnologia-1.png\" \/>\n\t<meta property=\"og:image:width\" content=\"500\" \/>\n\t<meta property=\"og:image:height\" content=\"375\" \/>\n\t<meta property=\"og:image:type\" content=\"image\/png\" \/>\n<meta name=\"twitter:card\" content=\"summary_large_image\" \/>\n<meta name=\"twitter:label1\" content=\"Est. reading time\" \/>\n\t<meta name=\"twitter:data1\" content=\"3 minutos\" \/>\n<script type=\"application\/ld+json\" class=\"yoast-schema-graph\">{\"@context\":\"https:\/\/schema.org\",\"@graph\":[{\"@type\":\"WebPage\",\"@id\":\"https:\/\/www.yampi.com.br\/blog\/central-de-banners\/\",\"url\":\"https:\/\/www.yampi.com.br\/blog\/central-de-banners\/\",\"name\":\"Central De Banners - Blog da Yampi\",\"isPartOf\":{\"@id\":\"https:\/\/www.yampi.com.br\/blog\/#website\"},\"primaryImageOfPage\":{\"@id\":\"https:\/\/www.yampi.com.br\/blog\/central-de-banners\/#primaryimage\"},\"image\":{\"@id\":\"https:\/\/www.yampi.com.br\/blog\/central-de-banners\/#primaryimage\"},\"thumbnailUrl\":\"https:\/\/www.yampi.com.br\/blog\/wp-content\/uploads\/2023\/12\/banner-completo-mobile-500x375px-tecnologia-1.png\",\"datePublished\":\"2023-12-20T18:25:30+00:00\",\"dateModified\":\"2024-01-17T21:11:03+00:00\",\"description\":\"Diversos modelos de banners gratuitos para voc\u00ea utilizar em sua Loja Virtual da Yampi.\",\"breadcrumb\":{\"@id\":\"https:\/\/www.yampi.com.br\/blog\/central-de-banners\/#breadcrumb\"},\"inLanguage\":\"pt-BR\",\"potentialAction\":[{\"@type\":\"ReadAction\",\"target\":[\"https:\/\/www.yampi.com.br\/blog\/central-de-banners\/\"]}]},{\"@type\":\"ImageObject\",\"inLanguage\":\"pt-BR\",\"@id\":\"https:\/\/www.yampi.com.br\/blog\/central-de-banners\/#primaryimage\",\"url\":\"https:\/\/www.yampi.com.br\/blog\/wp-content\/uploads\/2023\/12\/banner-completo-mobile-500x375px-tecnologia-1.png\",\"contentUrl\":\"https:\/\/www.yampi.com.br\/blog\/wp-content\/uploads\/2023\/12\/banner-completo-mobile-500x375px-tecnologia-1.png\",\"width\":500,\"height\":375,\"caption\":\"Banner completo para loja tecnologia 1 - celular (500x375px)\"},{\"@type\":\"BreadcrumbList\",\"@id\":\"https:\/\/www.yampi.com.br\/blog\/central-de-banners\/#breadcrumb\",\"itemListElement\":[{\"@type\":\"ListItem\",\"position\":1,\"name\":\"Blog\",\"item\":\"https:\/\/www.yampi.com.br\/blog\/\"},{\"@type\":\"ListItem\",\"position\":2,\"name\":\"Central De Banners\"}]},{\"@type\":\"WebSite\",\"@id\":\"https:\/\/www.yampi.com.br\/blog\/#website\",\"url\":\"https:\/\/www.yampi.com.br\/blog\/\",\"name\":\"Blog da Yampi\",\"description\":\"Conte\u00fado sobre e-commerce\",\"publisher\":{\"@id\":\"https:\/\/www.yampi.com.br\/blog\/#organization\"},\"potentialAction\":[{\"@type\":\"SearchAction\",\"target\":{\"@type\":\"EntryPoint\",\"urlTemplate\":\"https:\/\/www.yampi.com.br\/blog\/?s={search_term_string}\"},\"query-input\":{\"@type\":\"PropertyValueSpecification\",\"valueRequired\":true,\"valueName\":\"search_term_string\"}}],\"inLanguage\":\"pt-BR\"},{\"@type\":\"Organization\",\"@id\":\"https:\/\/www.yampi.com.br\/blog\/#organization\",\"name\":\"Yampi\",\"url\":\"https:\/\/www.yampi.com.br\/blog\/\",\"logo\":{\"@type\":\"ImageObject\",\"inLanguage\":\"pt-BR\",\"@id\":\"https:\/\/www.yampi.com.br\/blog\/#\/schema\/logo\/image\/\",\"url\":\"https:\/\/www.yampi.com.br\/blog\/wp-content\/uploads\/2022\/06\/cropped-favicon.png\",\"contentUrl\":\"https:\/\/www.yampi.com.br\/blog\/wp-content\/uploads\/2022\/06\/cropped-favicon.png\",\"width\":512,\"height\":512,\"caption\":\"Yampi\"},\"image\":{\"@id\":\"https:\/\/www.yampi.com.br\/blog\/#\/schema\/logo\/image\/\"},\"sameAs\":[\"https:\/\/www.facebook.com\/somosyampi\",\"https:\/\/www.instagram.com\/somosyampi\",\"https:\/\/www.linkedin.com\/company\/somosyampi\",\"https:\/\/www.youtube.com\/channel\/UCDfDYNkud7PL9N2TDnD4Mtg\",\"https:\/\/yampi.gupy.io\/\"]}]}<\/script>\n<!-- \/ Yoast SEO plugin. -->","yoast_head_json":{"title":"Central De Banners - Blog da Yampi","description":"Diversos modelos de banners gratuitos para voc\u00ea utilizar em sua Loja Virtual da Yampi.","robots":{"index":"noindex","follow":"nofollow"},"og_locale":"pt_BR","og_type":"article","og_title":"Central De Banners - Blog da Yampi","og_description":"Diversos modelos de banners gratuitos para voc\u00ea utilizar em sua Loja Virtual da Yampi.","og_url":"https:\/\/www.yampi.com.br\/blog\/central-de-banners\/","og_site_name":"Blog da Yampi","article_publisher":"https:\/\/www.facebook.com\/somosyampi","article_modified_time":"2024-01-17T21:11:03+00:00","og_image":[{"width":500,"height":375,"url":"https:\/\/www.yampi.com.br\/blog\/wp-content\/uploads\/2023\/12\/banner-completo-mobile-500x375px-tecnologia-1.png","type":"image\/png"}],"twitter_card":"summary_large_image","twitter_misc":{"Est. reading time":"3 minutos"},"schema":{"@context":"https:\/\/schema.org","@graph":[{"@type":"WebPage","@id":"https:\/\/www.yampi.com.br\/blog\/central-de-banners\/","url":"https:\/\/www.yampi.com.br\/blog\/central-de-banners\/","name":"Central De Banners - Blog da Yampi","isPartOf":{"@id":"https:\/\/www.yampi.com.br\/blog\/#website"},"primaryImageOfPage":{"@id":"https:\/\/www.yampi.com.br\/blog\/central-de-banners\/#primaryimage"},"image":{"@id":"https:\/\/www.yampi.com.br\/blog\/central-de-banners\/#primaryimage"},"thumbnailUrl":"https:\/\/www.yampi.com.br\/blog\/wp-content\/uploads\/2023\/12\/banner-completo-mobile-500x375px-tecnologia-1.png","datePublished":"2023-12-20T18:25:30+00:00","dateModified":"2024-01-17T21:11:03+00:00","description":"Diversos modelos de banners gratuitos para voc\u00ea utilizar em sua Loja Virtual da Yampi.","breadcrumb":{"@id":"https:\/\/www.yampi.com.br\/blog\/central-de-banners\/#breadcrumb"},"inLanguage":"pt-BR","potentialAction":[{"@type":"ReadAction","target":["https:\/\/www.yampi.com.br\/blog\/central-de-banners\/"]}]},{"@type":"ImageObject","inLanguage":"pt-BR","@id":"https:\/\/www.yampi.com.br\/blog\/central-de-banners\/#primaryimage","url":"https:\/\/www.yampi.com.br\/blog\/wp-content\/uploads\/2023\/12\/banner-completo-mobile-500x375px-tecnologia-1.png","contentUrl":"https:\/\/www.yampi.com.br\/blog\/wp-content\/uploads\/2023\/12\/banner-completo-mobile-500x375px-tecnologia-1.png","width":500,"height":375,"caption":"Banner completo para loja tecnologia 1 - celular (500x375px)"},{"@type":"BreadcrumbList","@id":"https:\/\/www.yampi.com.br\/blog\/central-de-banners\/#breadcrumb","itemListElement":[{"@type":"ListItem","position":1,"name":"Blog","item":"https:\/\/www.yampi.com.br\/blog\/"},{"@type":"ListItem","position":2,"name":"Central De Banners"}]},{"@type":"WebSite","@id":"https:\/\/www.yampi.com.br\/blog\/#website","url":"https:\/\/www.yampi.com.br\/blog\/","name":"Blog da Yampi","description":"Conte\u00fado sobre e-commerce","publisher":{"@id":"https:\/\/www.yampi.com.br\/blog\/#organization"},"potentialAction":[{"@type":"SearchAction","target":{"@type":"EntryPoint","urlTemplate":"https:\/\/www.yampi.com.br\/blog\/?s={search_term_string}"},"query-input":{"@type":"PropertyValueSpecification","valueRequired":true,"valueName":"search_term_string"}}],"inLanguage":"pt-BR"},{"@type":"Organization","@id":"https:\/\/www.yampi.com.br\/blog\/#organization","name":"Yampi","url":"https:\/\/www.yampi.com.br\/blog\/","logo":{"@type":"ImageObject","inLanguage":"pt-BR","@id":"https:\/\/www.yampi.com.br\/blog\/#\/schema\/logo\/image\/","url":"https:\/\/www.yampi.com.br\/blog\/wp-content\/uploads\/2022\/06\/cropped-favicon.png","contentUrl":"https:\/\/www.yampi.com.br\/blog\/wp-content\/uploads\/2022\/06\/cropped-favicon.png","width":512,"height":512,"caption":"Yampi"},"image":{"@id":"https:\/\/www.yampi.com.br\/blog\/#\/schema\/logo\/image\/"},"sameAs":["https:\/\/www.facebook.com\/somosyampi","https:\/\/www.instagram.com\/somosyampi","https:\/\/www.linkedin.com\/company\/somosyampi","https:\/\/www.youtube.com\/channel\/UCDfDYNkud7PL9N2TDnD4Mtg","https:\/\/yampi.gupy.io\/"]}]}},"_links":{"self":[{"href":"https:\/\/www.yampi.com.br\/blog\/wp-json\/wp\/v2\/pages\/1968","targetHints":{"allow":["GET"]}}],"collection":[{"href":"https:\/\/www.yampi.com.br\/blog\/wp-json\/wp\/v2\/pages"}],"about":[{"href":"https:\/\/www.yampi.com.br\/blog\/wp-json\/wp\/v2\/types\/page"}],"author":[{"embeddable":true,"href":"https:\/\/www.yampi.com.br\/blog\/wp-json\/wp\/v2\/users\/18"}],"replies":[{"embeddable":true,"href":"https:\/\/www.yampi.com.br\/blog\/wp-json\/wp\/v2\/comments?post=1968"}],"version-history":[{"count":8,"href":"https:\/\/www.yampi.com.br\/blog\/wp-json\/wp\/v2\/pages\/1968\/revisions"}],"predecessor-version":[{"id":2186,"href":"https:\/\/www.yampi.com.br\/blog\/wp-json\/wp\/v2\/pages\/1968\/revisions\/2186"}],"wp:featuredmedia":[{"embeddable":true,"href":"https:\/\/www.yampi.com.br\/blog\/wp-json\/wp\/v2\/media\/1987"}],"wp:attachment":[{"href":"https:\/\/www.yampi.com.br\/blog\/wp-json\/wp\/v2\/media?parent=1968"}],"curies":[{"name":"wp","href":"https:\/\/api.w.org\/{rel}","templated":true}]}}