{"id":2118,"date":"2023-12-20T15:21:06","date_gmt":"2023-12-20T18:21:06","guid":{"rendered":"https:\/\/www.yampi.com.br\/blog\/?page_id=2118"},"modified":"2024-01-17T18:12:13","modified_gmt":"2024-01-17T21:12:13","slug":"banners-loja-de-beleza-50-de-desconto","status":"publish","type":"page","link":"https:\/\/www.yampi.com.br\/blog\/central-de-banners\/banners-loja-de-beleza-50-de-desconto\/","title":{"rendered":"Banners loja de beleza: 50% de desconto"},"content":{"rendered":"\n<blockquote class=\"wp-block-quote is-layout-flow wp-block-quote-is-layout-flow\">\n<p>DICA: Sabia que aproximadamente 70% dos acessos em lojas digitais s\u00e3o por aparelhos celulares. Por isso, n\u00e3o esque\u00e7a de ter uma vers\u00e3o do seu banner para dispositivos celulares.<\/p>\n<\/blockquote>\n\n\n\n<p><strong>Banner principal<\/strong><\/p>\n\n\n\n<p>\ud83d\udcbb <strong>Vers\u00e3o visualiza\u00e7\u00e3o no computador &#8211; Tela cheia<\/strong><\/p>\n\n\n\n<figure class=\"wp-block-image size-full\"><img decoding=\"async\" width=\"920\" height=\"384\" src=\"https:\/\/www.yampi.com.br\/blog\/wp-content\/uploads\/2023\/12\/banner-completo-1600x667px-beleza-desconto.jpeg\" alt=\"\" class=\"wp-image-1973\" srcset=\"https:\/\/www.yampi.com.br\/blog\/wp-content\/uploads\/2023\/12\/banner-completo-1600x667px-beleza-desconto.jpeg 920w, https:\/\/www.yampi.com.br\/blog\/wp-content\/uploads\/2023\/12\/banner-completo-1600x667px-beleza-desconto-300x125.jpeg 300w, https:\/\/www.yampi.com.br\/blog\/wp-content\/uploads\/2023\/12\/banner-completo-1600x667px-beleza-desconto-768x321.jpeg 768w\" sizes=\"(max-width: 920px) 100vw, 920px\" \/><\/figure>\n\n\n\n<div class=\"wp-block-file\"><a id=\"wp-block-file--media-f469a945-6ae8-4ac3-a01a-776493108fb3\" href=\"https:\/\/www.yampi.com.br\/blog\/wp-content\/uploads\/2023\/12\/banner-completo-1600x667px-beleza-desconto.jpeg\">banner-completo-1600x667px-beleza-desconto<\/a><a href=\"https:\/\/www.yampi.com.br\/blog\/wp-content\/uploads\/2023\/12\/banner-completo-1600x667px-beleza-desconto.jpeg\" class=\"wp-block-file__button wp-element-button\" download aria-describedby=\"wp-block-file--media-f469a945-6ae8-4ac3-a01a-776493108fb3\"><mark style=\"background-color:rgba(0, 0, 0, 0)\" class=\"has-inline-color has-high-pure-color\">Baixar<\/mark><\/a><\/div>\n\n\n\n<p>\ud83d\udcbb <strong>Vers\u00e3o visualiza\u00e7\u00e3o no computador &#8211; Tamanho fixo<\/strong><\/p>\n\n\n\n<figure class=\"wp-block-image size-full\"><img decoding=\"async\" width=\"920\" height=\"383\" src=\"https:\/\/www.yampi.com.br\/blog\/wp-content\/uploads\/2023\/12\/banner-principal-fixo-1200x500-beleza-desconto.jpg\" alt=\"\" class=\"wp-image-2119\" srcset=\"https:\/\/www.yampi.com.br\/blog\/wp-content\/uploads\/2023\/12\/banner-principal-fixo-1200x500-beleza-desconto.jpg 920w, https:\/\/www.yampi.com.br\/blog\/wp-content\/uploads\/2023\/12\/banner-principal-fixo-1200x500-beleza-desconto-300x125.jpg 300w, https:\/\/www.yampi.com.br\/blog\/wp-content\/uploads\/2023\/12\/banner-principal-fixo-1200x500-beleza-desconto-768x320.jpg 768w\" sizes=\"(max-width: 920px) 100vw, 920px\" \/><\/figure>\n\n\n\n<div class=\"wp-block-file\"><a id=\"wp-block-file--media-17569d73-39c1-4e77-ad27-1cbd85b19140\" href=\"https:\/\/www.yampi.com.br\/blog\/wp-content\/uploads\/2023\/12\/banner-principal-fixo-1200x500-beleza-desconto.jpg\">banner-principal-fixo-1200&#215;500-beleza-desconto<\/a><a href=\"https:\/\/www.yampi.com.br\/blog\/wp-content\/uploads\/2023\/12\/banner-principal-fixo-1200x500-beleza-desconto.jpg\" class=\"wp-block-file__button wp-element-button\" download aria-describedby=\"wp-block-file--media-17569d73-39c1-4e77-ad27-1cbd85b19140\"><mark style=\"background-color:rgba(0, 0, 0, 0)\" class=\"has-inline-color has-high-pure-color\">Baixar<\/mark><\/a><\/div>\n\n\n\n<p>\ud83d\udcf1 <strong>Vers\u00e3o visualiza\u00e7\u00e3o no celular<\/strong><\/p>\n\n\n\n<figure class=\"wp-block-image size-full\"><img decoding=\"async\" width=\"500\" height=\"375\" src=\"https:\/\/www.yampi.com.br\/blog\/wp-content\/uploads\/2023\/12\/banner-principal-mobile-500x375px-beleza-desconto.png\" alt=\"\" class=\"wp-image-2120\" srcset=\"https:\/\/www.yampi.com.br\/blog\/wp-content\/uploads\/2023\/12\/banner-principal-mobile-500x375px-beleza-desconto.png 500w, https:\/\/www.yampi.com.br\/blog\/wp-content\/uploads\/2023\/12\/banner-principal-mobile-500x375px-beleza-desconto-300x225.png 300w\" sizes=\"(max-width: 500px) 100vw, 500px\" \/><\/figure>\n\n\n\n<div class=\"wp-block-file\"><a id=\"wp-block-file--media-de7b8778-e040-484a-b7d2-1c37635bd6be\" href=\"https:\/\/www.yampi.com.br\/blog\/wp-content\/uploads\/2023\/12\/banner-principal-mobile-500x375px-beleza-desconto.png\">banner-principal-mobile-500x375px-beleza-desconto<\/a><a href=\"https:\/\/www.yampi.com.br\/blog\/wp-content\/uploads\/2023\/12\/banner-principal-mobile-500x375px-beleza-desconto.png\" class=\"wp-block-file__button wp-element-button\" download aria-describedby=\"wp-block-file--media-de7b8778-e040-484a-b7d2-1c37635bd6be\"><mark style=\"background-color:rgba(0, 0, 0, 0)\" class=\"has-inline-color has-high-pure-color\">Baixar<\/mark><\/a><\/div>\n","protected":false},"excerpt":{"rendered":"<p>DICA: Sabia que aproximadamente 70% dos acessos em lojas digitais s\u00e3o por aparelhos celulares. Por isso, n\u00e3o esque\u00e7a de ter uma vers\u00e3o do seu banner para dispositivos celulares. Banner principal \ud83d\udcbb Vers\u00e3o visualiza\u00e7\u00e3o no computador &#8211; Tela cheia \ud83d\udcbb Vers\u00e3o visualiza\u00e7\u00e3o no computador &#8211; Tamanho fixo \ud83d\udcf1 Vers\u00e3o visualiza\u00e7\u00e3o no celular<\/p>\n","protected":false},"author":18,"featured_media":0,"parent":1968,"menu_order":0,"comment_status":"closed","ping_status":"closed","template":"","meta":{"_acf_changed":false,"inline_featured_image":false,"footnotes":""},"class_list":["post-2118","page","type-page","status-publish","hentry"],"acf":[],"yoast_head":"<!-- This site is optimized with the Yoast SEO plugin v25.0 - https:\/\/yoast.com\/wordpress\/plugins\/seo\/ -->\n<title>Banners loja de beleza: 50% de desconto - Blog da Yampi<\/title>\n<meta name=\"robots\" content=\"noindex, nofollow\" \/>\n<meta property=\"og:locale\" content=\"pt_BR\" \/>\n<meta property=\"og:type\" content=\"article\" \/>\n<meta property=\"og:title\" content=\"Banners loja de beleza: 50% de desconto - Blog da Yampi\" \/>\n<meta property=\"og:description\" content=\"DICA: Sabia que aproximadamente 70% dos acessos em lojas digitais s\u00e3o por aparelhos celulares. Por isso, n\u00e3o esque\u00e7a de ter uma vers\u00e3o do seu banner para dispositivos celulares. Banner principal \ud83d\udcbb Vers\u00e3o visualiza\u00e7\u00e3o no computador &#8211; Tela cheia \ud83d\udcbb Vers\u00e3o visualiza\u00e7\u00e3o no computador &#8211; Tamanho fixo \ud83d\udcf1 Vers\u00e3o visualiza\u00e7\u00e3o no celular\" \/>\n<meta property=\"og:url\" content=\"https:\/\/www.yampi.com.br\/blog\/central-de-banners\/banners-loja-de-beleza-50-de-desconto\/\" \/>\n<meta property=\"og:site_name\" content=\"Blog da Yampi\" \/>\n<meta property=\"article:publisher\" content=\"https:\/\/www.facebook.com\/somosyampi\" \/>\n<meta property=\"article:modified_time\" content=\"2024-01-17T21:12:13+00:00\" \/>\n<meta property=\"og:image\" content=\"https:\/\/www.yampi.com.br\/blog\/wp-content\/uploads\/2023\/12\/banner-completo-1600x667px-beleza-desconto.jpeg\" \/>\n<meta name=\"twitter:card\" content=\"summary_large_image\" \/>\n<meta name=\"twitter:label1\" content=\"Est. reading time\" \/>\n\t<meta name=\"twitter:data1\" content=\"1 minuto\" \/>\n<script type=\"application\/ld+json\" class=\"yoast-schema-graph\">{\"@context\":\"https:\/\/schema.org\",\"@graph\":[{\"@type\":\"WebPage\",\"@id\":\"https:\/\/www.yampi.com.br\/blog\/central-de-banners\/banners-loja-de-beleza-50-de-desconto\/\",\"url\":\"https:\/\/www.yampi.com.br\/blog\/central-de-banners\/banners-loja-de-beleza-50-de-desconto\/\",\"name\":\"Banners loja de beleza: 50% de desconto - Blog da Yampi\",\"isPartOf\":{\"@id\":\"https:\/\/www.yampi.com.br\/blog\/#website\"},\"primaryImageOfPage\":{\"@id\":\"https:\/\/www.yampi.com.br\/blog\/central-de-banners\/banners-loja-de-beleza-50-de-desconto\/#primaryimage\"},\"image\":{\"@id\":\"https:\/\/www.yampi.com.br\/blog\/central-de-banners\/banners-loja-de-beleza-50-de-desconto\/#primaryimage\"},\"thumbnailUrl\":\"https:\/\/www.yampi.com.br\/blog\/wp-content\/uploads\/2023\/12\/banner-completo-1600x667px-beleza-desconto.jpeg\",\"datePublished\":\"2023-12-20T18:21:06+00:00\",\"dateModified\":\"2024-01-17T21:12:13+00:00\",\"breadcrumb\":{\"@id\":\"https:\/\/www.yampi.com.br\/blog\/central-de-banners\/banners-loja-de-beleza-50-de-desconto\/#breadcrumb\"},\"inLanguage\":\"pt-BR\",\"potentialAction\":[{\"@type\":\"ReadAction\",\"target\":[\"https:\/\/www.yampi.com.br\/blog\/central-de-banners\/banners-loja-de-beleza-50-de-desconto\/\"]}]},{\"@type\":\"ImageObject\",\"inLanguage\":\"pt-BR\",\"@id\":\"https:\/\/www.yampi.com.br\/blog\/central-de-banners\/banners-loja-de-beleza-50-de-desconto\/#primaryimage\",\"url\":\"https:\/\/www.yampi.com.br\/blog\/wp-content\/uploads\/2023\/12\/banner-completo-1600x667px-beleza-desconto.jpeg\",\"contentUrl\":\"https:\/\/www.yampi.com.br\/blog\/wp-content\/uploads\/2023\/12\/banner-completo-1600x667px-beleza-desconto.jpeg\"},{\"@type\":\"BreadcrumbList\",\"@id\":\"https:\/\/www.yampi.com.br\/blog\/central-de-banners\/banners-loja-de-beleza-50-de-desconto\/#breadcrumb\",\"itemListElement\":[{\"@type\":\"ListItem\",\"position\":1,\"name\":\"Blog\",\"item\":\"https:\/\/www.yampi.com.br\/blog\/\"},{\"@type\":\"ListItem\",\"position\":2,\"name\":\"Central De Banners\",\"item\":\"https:\/\/www.yampi.com.br\/blog\/central-de-banners\/\"},{\"@type\":\"ListItem\",\"position\":3,\"name\":\"Banners loja de beleza: 50% de desconto\"}]},{\"@type\":\"WebSite\",\"@id\":\"https:\/\/www.yampi.com.br\/blog\/#website\",\"url\":\"https:\/\/www.yampi.com.br\/blog\/\",\"name\":\"Blog da Yampi\",\"description\":\"Conte\u00fado sobre e-commerce\",\"publisher\":{\"@id\":\"https:\/\/www.yampi.com.br\/blog\/#organization\"},\"potentialAction\":[{\"@type\":\"SearchAction\",\"target\":{\"@type\":\"EntryPoint\",\"urlTemplate\":\"https:\/\/www.yampi.com.br\/blog\/?s={search_term_string}\"},\"query-input\":{\"@type\":\"PropertyValueSpecification\",\"valueRequired\":true,\"valueName\":\"search_term_string\"}}],\"inLanguage\":\"pt-BR\"},{\"@type\":\"Organization\",\"@id\":\"https:\/\/www.yampi.com.br\/blog\/#organization\",\"name\":\"Yampi\",\"url\":\"https:\/\/www.yampi.com.br\/blog\/\",\"logo\":{\"@type\":\"ImageObject\",\"inLanguage\":\"pt-BR\",\"@id\":\"https:\/\/www.yampi.com.br\/blog\/#\/schema\/logo\/image\/\",\"url\":\"https:\/\/www.yampi.com.br\/blog\/wp-content\/uploads\/2022\/06\/cropped-favicon.png\",\"contentUrl\":\"https:\/\/www.yampi.com.br\/blog\/wp-content\/uploads\/2022\/06\/cropped-favicon.png\",\"width\":512,\"height\":512,\"caption\":\"Yampi\"},\"image\":{\"@id\":\"https:\/\/www.yampi.com.br\/blog\/#\/schema\/logo\/image\/\"},\"sameAs\":[\"https:\/\/www.facebook.com\/somosyampi\",\"https:\/\/www.instagram.com\/somosyampi\",\"https:\/\/www.linkedin.com\/company\/somosyampi\",\"https:\/\/www.youtube.com\/channel\/UCDfDYNkud7PL9N2TDnD4Mtg\",\"https:\/\/yampi.gupy.io\/\"]}]}<\/script>\n<!-- \/ Yoast SEO plugin. -->","yoast_head_json":{"title":"Banners loja de beleza: 50% de desconto - Blog da Yampi","robots":{"index":"noindex","follow":"nofollow"},"og_locale":"pt_BR","og_type":"article","og_title":"Banners loja de beleza: 50% de desconto - Blog da Yampi","og_description":"DICA: Sabia que aproximadamente 70% dos acessos em lojas digitais s\u00e3o por aparelhos celulares. Por isso, n\u00e3o esque\u00e7a de ter uma vers\u00e3o do seu banner para dispositivos celulares. Banner principal \ud83d\udcbb Vers\u00e3o visualiza\u00e7\u00e3o no computador &#8211; Tela cheia \ud83d\udcbb Vers\u00e3o visualiza\u00e7\u00e3o no computador &#8211; Tamanho fixo \ud83d\udcf1 Vers\u00e3o visualiza\u00e7\u00e3o no celular","og_url":"https:\/\/www.yampi.com.br\/blog\/central-de-banners\/banners-loja-de-beleza-50-de-desconto\/","og_site_name":"Blog da Yampi","article_publisher":"https:\/\/www.facebook.com\/somosyampi","article_modified_time":"2024-01-17T21:12:13+00:00","og_image":[{"url":"https:\/\/www.yampi.com.br\/blog\/wp-content\/uploads\/2023\/12\/banner-completo-1600x667px-beleza-desconto.jpeg","type":"","width":"","height":""}],"twitter_card":"summary_large_image","twitter_misc":{"Est. reading time":"1 minuto"},"schema":{"@context":"https:\/\/schema.org","@graph":[{"@type":"WebPage","@id":"https:\/\/www.yampi.com.br\/blog\/central-de-banners\/banners-loja-de-beleza-50-de-desconto\/","url":"https:\/\/www.yampi.com.br\/blog\/central-de-banners\/banners-loja-de-beleza-50-de-desconto\/","name":"Banners loja de beleza: 50% de desconto - Blog da Yampi","isPartOf":{"@id":"https:\/\/www.yampi.com.br\/blog\/#website"},"primaryImageOfPage":{"@id":"https:\/\/www.yampi.com.br\/blog\/central-de-banners\/banners-loja-de-beleza-50-de-desconto\/#primaryimage"},"image":{"@id":"https:\/\/www.yampi.com.br\/blog\/central-de-banners\/banners-loja-de-beleza-50-de-desconto\/#primaryimage"},"thumbnailUrl":"https:\/\/www.yampi.com.br\/blog\/wp-content\/uploads\/2023\/12\/banner-completo-1600x667px-beleza-desconto.jpeg","datePublished":"2023-12-20T18:21:06+00:00","dateModified":"2024-01-17T21:12:13+00:00","breadcrumb":{"@id":"https:\/\/www.yampi.com.br\/blog\/central-de-banners\/banners-loja-de-beleza-50-de-desconto\/#breadcrumb"},"inLanguage":"pt-BR","potentialAction":[{"@type":"ReadAction","target":["https:\/\/www.yampi.com.br\/blog\/central-de-banners\/banners-loja-de-beleza-50-de-desconto\/"]}]},{"@type":"ImageObject","inLanguage":"pt-BR","@id":"https:\/\/www.yampi.com.br\/blog\/central-de-banners\/banners-loja-de-beleza-50-de-desconto\/#primaryimage","url":"https:\/\/www.yampi.com.br\/blog\/wp-content\/uploads\/2023\/12\/banner-completo-1600x667px-beleza-desconto.jpeg","contentUrl":"https:\/\/www.yampi.com.br\/blog\/wp-content\/uploads\/2023\/12\/banner-completo-1600x667px-beleza-desconto.jpeg"},{"@type":"BreadcrumbList","@id":"https:\/\/www.yampi.com.br\/blog\/central-de-banners\/banners-loja-de-beleza-50-de-desconto\/#breadcrumb","itemListElement":[{"@type":"ListItem","position":1,"name":"Blog","item":"https:\/\/www.yampi.com.br\/blog\/"},{"@type":"ListItem","position":2,"name":"Central De Banners","item":"https:\/\/www.yampi.com.br\/blog\/central-de-banners\/"},{"@type":"ListItem","position":3,"name":"Banners loja de beleza: 50% de desconto"}]},{"@type":"WebSite","@id":"https:\/\/www.yampi.com.br\/blog\/#website","url":"https:\/\/www.yampi.com.br\/blog\/","name":"Blog da Yampi","description":"Conte\u00fado sobre e-commerce","publisher":{"@id":"https:\/\/www.yampi.com.br\/blog\/#organization"},"potentialAction":[{"@type":"SearchAction","target":{"@type":"EntryPoint","urlTemplate":"https:\/\/www.yampi.com.br\/blog\/?s={search_term_string}"},"query-input":{"@type":"PropertyValueSpecification","valueRequired":true,"valueName":"search_term_string"}}],"inLanguage":"pt-BR"},{"@type":"Organization","@id":"https:\/\/www.yampi.com.br\/blog\/#organization","name":"Yampi","url":"https:\/\/www.yampi.com.br\/blog\/","logo":{"@type":"ImageObject","inLanguage":"pt-BR","@id":"https:\/\/www.yampi.com.br\/blog\/#\/schema\/logo\/image\/","url":"https:\/\/www.yampi.com.br\/blog\/wp-content\/uploads\/2022\/06\/cropped-favicon.png","contentUrl":"https:\/\/www.yampi.com.br\/blog\/wp-content\/uploads\/2022\/06\/cropped-favicon.png","width":512,"height":512,"caption":"Yampi"},"image":{"@id":"https:\/\/www.yampi.com.br\/blog\/#\/schema\/logo\/image\/"},"sameAs":["https:\/\/www.facebook.com\/somosyampi","https:\/\/www.instagram.com\/somosyampi","https:\/\/www.linkedin.com\/company\/somosyampi","https:\/\/www.youtube.com\/channel\/UCDfDYNkud7PL9N2TDnD4Mtg","https:\/\/yampi.gupy.io\/"]}]}},"_links":{"self":[{"href":"https:\/\/www.yampi.com.br\/blog\/wp-json\/wp\/v2\/pages\/2118","targetHints":{"allow":["GET"]}}],"collection":[{"href":"https:\/\/www.yampi.com.br\/blog\/wp-json\/wp\/v2\/pages"}],"about":[{"href":"https:\/\/www.yampi.com.br\/blog\/wp-json\/wp\/v2\/types\/page"}],"author":[{"embeddable":true,"href":"https:\/\/www.yampi.com.br\/blog\/wp-json\/wp\/v2\/users\/18"}],"replies":[{"embeddable":true,"href":"https:\/\/www.yampi.com.br\/blog\/wp-json\/wp\/v2\/comments?post=2118"}],"version-history":[{"count":4,"href":"https:\/\/www.yampi.com.br\/blog\/wp-json\/wp\/v2\/pages\/2118\/revisions"}],"predecessor-version":[{"id":2177,"href":"https:\/\/www.yampi.com.br\/blog\/wp-json\/wp\/v2\/pages\/2118\/revisions\/2177"}],"up":[{"embeddable":true,"href":"https:\/\/www.yampi.com.br\/blog\/wp-json\/wp\/v2\/pages\/1968"}],"wp:attachment":[{"href":"https:\/\/www.yampi.com.br\/blog\/wp-json\/wp\/v2\/media?parent=2118"}],"curies":[{"name":"wp","href":"https:\/\/api.w.org\/{rel}","templated":true}]}}