{"id":2124,"date":"2023-12-20T15:20:45","date_gmt":"2023-12-20T18:20:45","guid":{"rendered":"https:\/\/www.yampi.com.br\/blog\/?page_id=2124"},"modified":"2024-01-17T18:11:42","modified_gmt":"2024-01-17T21:11:42","slug":"banners-femininos-de-colecoes","status":"publish","type":"page","link":"https:\/\/www.yampi.com.br\/blog\/central-de-banners\/banners-femininos-de-colecoes\/","title":{"rendered":"Banners femininos de cole\u00e7\u00f5es"},"content":{"rendered":"\n<blockquote class=\"wp-block-quote is-layout-flow wp-block-quote-is-layout-flow\">\n<p>DICA: Use banners enfileirados para criar links com p\u00e1ginas de produtos e cole\u00e7\u00f5es.<\/p>\n<\/blockquote>\n\n\n\n<h2 class=\"wp-block-heading\">Banner principal<\/h2>\n\n\n\n<p>\ud83d\udcbb <strong>Vers\u00e3o visualiza\u00e7\u00e3o no computador<\/strong><\/p>\n\n\n\n<figure class=\"wp-block-image size-full\"><img decoding=\"async\" width=\"920\" height=\"383\" src=\"https:\/\/www.yampi.com.br\/blog\/wp-content\/uploads\/2023\/12\/banner-principal-fixo-1200x500px-feminino.jpg\" alt=\"\" class=\"wp-image-1980\" srcset=\"https:\/\/www.yampi.com.br\/blog\/wp-content\/uploads\/2023\/12\/banner-principal-fixo-1200x500px-feminino.jpg 920w, https:\/\/www.yampi.com.br\/blog\/wp-content\/uploads\/2023\/12\/banner-principal-fixo-1200x500px-feminino-300x125.jpg 300w, https:\/\/www.yampi.com.br\/blog\/wp-content\/uploads\/2023\/12\/banner-principal-fixo-1200x500px-feminino-768x320.jpg 768w\" sizes=\"(max-width: 920px) 100vw, 920px\" \/><\/figure>\n\n\n\n<div class=\"wp-block-file\"><a id=\"wp-block-file--media-815df11c-e3ac-4323-b117-d7e03d8baf2a\" href=\"https:\/\/www.yampi.com.br\/blog\/wp-content\/uploads\/2023\/12\/banner-principal-fixo-1200x500px-feminino.jpg\">banner-principal-fixo-1200x500px-feminino<\/a><a href=\"https:\/\/www.yampi.com.br\/blog\/wp-content\/uploads\/2023\/12\/banner-principal-fixo-1200x500px-feminino.jpg\" class=\"wp-block-file__button wp-element-button\" download aria-describedby=\"wp-block-file--media-815df11c-e3ac-4323-b117-d7e03d8baf2a\"><mark style=\"background-color:rgba(0, 0, 0, 0)\" class=\"has-inline-color has-high-pure-color\">Baixar<\/mark><\/a><\/div>\n\n\n\n<p>\ud83d\udcf1 <strong>Vers\u00e3o visualiza\u00e7\u00e3o no celular<\/strong><\/p>\n\n\n\n<figure class=\"wp-block-image size-full\"><img decoding=\"async\" width=\"500\" height=\"375\" src=\"https:\/\/www.yampi.com.br\/blog\/wp-content\/uploads\/2023\/12\/banner-principal-fixo-mobile-500x375px-feminino.png\" alt=\"\" class=\"wp-image-2126\" srcset=\"https:\/\/www.yampi.com.br\/blog\/wp-content\/uploads\/2023\/12\/banner-principal-fixo-mobile-500x375px-feminino.png 500w, https:\/\/www.yampi.com.br\/blog\/wp-content\/uploads\/2023\/12\/banner-principal-fixo-mobile-500x375px-feminino-300x225.png 300w\" sizes=\"(max-width: 500px) 100vw, 500px\" \/><\/figure>\n\n\n\n<div class=\"wp-block-file\"><a id=\"wp-block-file--media-7aef3d22-6d51-438e-8bb5-bb01e0152abc\" href=\"https:\/\/www.yampi.com.br\/blog\/wp-content\/uploads\/2023\/12\/banner-principal-fixo-mobile-500x375px-feminino.png\">banner-principal-fixo-mobile-500x375px-feminino<\/a><a href=\"https:\/\/www.yampi.com.br\/blog\/wp-content\/uploads\/2023\/12\/banner-principal-fixo-mobile-500x375px-feminino.png\" class=\"wp-block-file__button wp-element-button\" download aria-describedby=\"wp-block-file--media-7aef3d22-6d51-438e-8bb5-bb01e0152abc\"><mark style=\"background-color:rgba(0, 0, 0, 0)\" class=\"has-inline-color has-high-pure-color\">Baixar<\/mark><\/a><\/div>\n\n\n\n<hr class=\"wp-block-separator has-alpha-channel-opacity\"\/>\n\n\n\n<h2 class=\"wp-block-heading\">3 Banners <\/h2>\n\n\n\n<p>\ud83d\udcbb <strong>Vers\u00e3o visualiza\u00e7\u00e3o no computador<\/strong><\/p>\n\n\n\n<div class=\"wp-block-columns is-layout-flex wp-container-core-columns-is-layout-9d6595d7 wp-block-columns-is-layout-flex\">\n<div class=\"wp-block-column is-layout-flow wp-block-column-is-layout-flow\">\n<figure class=\"wp-block-image size-full\"><img decoding=\"async\" width=\"377\" height=\"276\" src=\"https:\/\/www.yampi.com.br\/blog\/wp-content\/uploads\/2023\/12\/banner-3_banners-377x276-feminino-colecao-1.png\" alt=\"\" class=\"wp-image-2129\" srcset=\"https:\/\/www.yampi.com.br\/blog\/wp-content\/uploads\/2023\/12\/banner-3_banners-377x276-feminino-colecao-1.png 377w, https:\/\/www.yampi.com.br\/blog\/wp-content\/uploads\/2023\/12\/banner-3_banners-377x276-feminino-colecao-1-300x220.png 300w\" sizes=\"(max-width: 377px) 100vw, 377px\" \/><\/figure>\n\n\n\n<div class=\"wp-block-file\"><a id=\"wp-block-file--media-e0c91afb-00da-47de-bf36-8344ed23e005\" href=\"https:\/\/www.yampi.com.br\/blog\/wp-content\/uploads\/2023\/12\/banner-3_banners-377x276-feminino-colecao-1.png\">banner-3_banners-377&#215;276-feminino-colecao-1<\/a><a href=\"https:\/\/www.yampi.com.br\/blog\/wp-content\/uploads\/2023\/12\/banner-3_banners-377x276-feminino-colecao-1.png\" class=\"wp-block-file__button wp-element-button\" download aria-describedby=\"wp-block-file--media-e0c91afb-00da-47de-bf36-8344ed23e005\"><mark style=\"background-color:rgba(0, 0, 0, 0)\" class=\"has-inline-color has-high-pure-color\">Baixar<\/mark><\/a><\/div>\n<\/div>\n\n\n\n<div class=\"wp-block-column is-layout-flow wp-block-column-is-layout-flow\">\n<figure class=\"wp-block-image size-full\"><img decoding=\"async\" width=\"377\" height=\"276\" src=\"https:\/\/www.yampi.com.br\/blog\/wp-content\/uploads\/2023\/12\/banner-3_banners-377x276-feminino-colecao-2.png\" alt=\"\" class=\"wp-image-2128\" srcset=\"https:\/\/www.yampi.com.br\/blog\/wp-content\/uploads\/2023\/12\/banner-3_banners-377x276-feminino-colecao-2.png 377w, https:\/\/www.yampi.com.br\/blog\/wp-content\/uploads\/2023\/12\/banner-3_banners-377x276-feminino-colecao-2-300x220.png 300w\" sizes=\"(max-width: 377px) 100vw, 377px\" \/><\/figure>\n\n\n\n<div class=\"wp-block-file\"><a id=\"wp-block-file--media-c3fccded-93ad-4d71-bc3a-c0f1f7c0b064\" href=\"https:\/\/www.yampi.com.br\/blog\/wp-content\/uploads\/2023\/12\/banner-3_banners-377x276-feminino-colecao-2.png\">banner-3_banners-377&#215;276-feminino-colecao-2<\/a><a href=\"https:\/\/www.yampi.com.br\/blog\/wp-content\/uploads\/2023\/12\/banner-3_banners-377x276-feminino-colecao-2.png\" class=\"wp-block-file__button wp-element-button\" download aria-describedby=\"wp-block-file--media-c3fccded-93ad-4d71-bc3a-c0f1f7c0b064\"><mark style=\"background-color:rgba(0, 0, 0, 0)\" class=\"has-inline-color has-high-pure-color\">Baixar<\/mark><\/a><\/div>\n<\/div>\n\n\n\n<div class=\"wp-block-column is-layout-flow wp-block-column-is-layout-flow\">\n<figure class=\"wp-block-image size-full\"><img decoding=\"async\" width=\"377\" height=\"276\" src=\"https:\/\/www.yampi.com.br\/blog\/wp-content\/uploads\/2023\/12\/banner-3_banners-377x276-feminino-colecao-3.png\" alt=\"\" class=\"wp-image-2127\" srcset=\"https:\/\/www.yampi.com.br\/blog\/wp-content\/uploads\/2023\/12\/banner-3_banners-377x276-feminino-colecao-3.png 377w, https:\/\/www.yampi.com.br\/blog\/wp-content\/uploads\/2023\/12\/banner-3_banners-377x276-feminino-colecao-3-300x220.png 300w\" sizes=\"(max-width: 377px) 100vw, 377px\" \/><\/figure>\n\n\n\n<div class=\"wp-block-file\"><a id=\"wp-block-file--media-7c2f814c-1707-4eaf-8739-0a1bb3fdbe32\" href=\"https:\/\/www.yampi.com.br\/blog\/wp-content\/uploads\/2023\/12\/banner-3_banners-377x276-feminino-colecao-3.png\">banner-3_banners-377&#215;276-feminino-colecao-3<\/a><a href=\"https:\/\/www.yampi.com.br\/blog\/wp-content\/uploads\/2023\/12\/banner-3_banners-377x276-feminino-colecao-3.png\" class=\"wp-block-file__button wp-element-button\" download aria-describedby=\"wp-block-file--media-7c2f814c-1707-4eaf-8739-0a1bb3fdbe32\"><mark style=\"background-color:rgba(0, 0, 0, 0)\" class=\"has-inline-color has-high-pure-color\">Baixar<\/mark><\/a><\/div>\n<\/div>\n<\/div>\n\n\n\n<p>\ud83d\udcf1 <strong>Vers\u00e3o visualiza\u00e7\u00e3o no celular<\/strong><\/p>\n\n\n\n<div class=\"wp-block-columns is-layout-flex wp-container-core-columns-is-layout-9d6595d7 wp-block-columns-is-layout-flex\">\n<div class=\"wp-block-column is-layout-flow wp-block-column-is-layout-flow\">\n<figure class=\"wp-block-image size-full\"><img decoding=\"async\" width=\"500\" height=\"375\" src=\"https:\/\/www.yampi.com.br\/blog\/wp-content\/uploads\/2023\/12\/banner-3_banners-mobile-500x375px-feminino-colecao-1.png\" alt=\"\" class=\"wp-image-2132\" srcset=\"https:\/\/www.yampi.com.br\/blog\/wp-content\/uploads\/2023\/12\/banner-3_banners-mobile-500x375px-feminino-colecao-1.png 500w, https:\/\/www.yampi.com.br\/blog\/wp-content\/uploads\/2023\/12\/banner-3_banners-mobile-500x375px-feminino-colecao-1-300x225.png 300w\" sizes=\"(max-width: 500px) 100vw, 500px\" \/><\/figure>\n\n\n\n<div class=\"wp-block-file\"><a id=\"wp-block-file--media-de9e6ca8-4533-4b97-8b07-fe0116e7358f\" href=\"https:\/\/www.yampi.com.br\/blog\/wp-content\/uploads\/2023\/12\/banner-3_banners-mobile-500x375px-feminino-colecao-1.png\">banner-3_banners-mobile-500x375px-feminino-colecao-1<\/a><a href=\"https:\/\/www.yampi.com.br\/blog\/wp-content\/uploads\/2023\/12\/banner-3_banners-mobile-500x375px-feminino-colecao-1.png\" class=\"wp-block-file__button wp-element-button\" download aria-describedby=\"wp-block-file--media-de9e6ca8-4533-4b97-8b07-fe0116e7358f\"><mark style=\"background-color:rgba(0, 0, 0, 0)\" class=\"has-inline-color has-high-pure-color\">Baixar<\/mark><\/a><\/div>\n<\/div>\n\n\n\n<div class=\"wp-block-column is-layout-flow wp-block-column-is-layout-flow\">\n<figure class=\"wp-block-image size-full\"><img decoding=\"async\" width=\"500\" height=\"375\" src=\"https:\/\/www.yampi.com.br\/blog\/wp-content\/uploads\/2023\/12\/banner-3_banners-mobile-500x375px-feminino-colecao-2.png\" alt=\"\" class=\"wp-image-2131\" srcset=\"https:\/\/www.yampi.com.br\/blog\/wp-content\/uploads\/2023\/12\/banner-3_banners-mobile-500x375px-feminino-colecao-2.png 500w, https:\/\/www.yampi.com.br\/blog\/wp-content\/uploads\/2023\/12\/banner-3_banners-mobile-500x375px-feminino-colecao-2-300x225.png 300w\" sizes=\"(max-width: 500px) 100vw, 500px\" \/><\/figure>\n\n\n\n<div class=\"wp-block-file\"><a id=\"wp-block-file--media-138dfa3b-04ce-4874-9881-a444453debe5\" href=\"https:\/\/www.yampi.com.br\/blog\/wp-content\/uploads\/2023\/12\/banner-3_banners-mobile-500x375px-feminino-colecao-2.png\">banner-3_banners-mobile-500x375px-feminino-colecao-2<\/a><a href=\"https:\/\/www.yampi.com.br\/blog\/wp-content\/uploads\/2023\/12\/banner-3_banners-mobile-500x375px-feminino-colecao-2.png\" class=\"wp-block-file__button wp-element-button\" download aria-describedby=\"wp-block-file--media-138dfa3b-04ce-4874-9881-a444453debe5\"><mark style=\"background-color:rgba(0, 0, 0, 0)\" class=\"has-inline-color has-high-pure-color\">Baixar<\/mark><\/a><\/div>\n<\/div>\n\n\n\n<div class=\"wp-block-column is-layout-flow wp-block-column-is-layout-flow\">\n<figure class=\"wp-block-image size-full\"><img decoding=\"async\" width=\"500\" height=\"375\" src=\"https:\/\/www.yampi.com.br\/blog\/wp-content\/uploads\/2023\/12\/banner-3_banners-mobile-500x375px-feminino-colecao-3.png\" alt=\"\" class=\"wp-image-2130\" srcset=\"https:\/\/www.yampi.com.br\/blog\/wp-content\/uploads\/2023\/12\/banner-3_banners-mobile-500x375px-feminino-colecao-3.png 500w, https:\/\/www.yampi.com.br\/blog\/wp-content\/uploads\/2023\/12\/banner-3_banners-mobile-500x375px-feminino-colecao-3-300x225.png 300w\" sizes=\"(max-width: 500px) 100vw, 500px\" \/><\/figure>\n\n\n\n<div class=\"wp-block-file\"><a id=\"wp-block-file--media-b3e037c6-d4b2-43cf-bbf4-9a53390781c6\" href=\"https:\/\/www.yampi.com.br\/blog\/wp-content\/uploads\/2023\/12\/banner-3_banners-mobile-500x375px-feminino-colecao-3.png\">banner-3_banners-mobile-500x375px-feminino-colecao-3<\/a><a href=\"https:\/\/www.yampi.com.br\/blog\/wp-content\/uploads\/2023\/12\/banner-3_banners-mobile-500x375px-feminino-colecao-3.png\" class=\"wp-block-file__button wp-element-button\" download aria-describedby=\"wp-block-file--media-b3e037c6-d4b2-43cf-bbf4-9a53390781c6\"><mark style=\"background-color:rgba(0, 0, 0, 0)\" class=\"has-inline-color has-high-pure-color\">Baixar<\/mark><\/a><\/div>\n<\/div>\n<\/div>\n","protected":false},"excerpt":{"rendered":"<p>DICA: Use banners enfileirados para criar links com p\u00e1ginas de produtos e cole\u00e7\u00f5es. Banner principal \ud83d\udcbb Vers\u00e3o visualiza\u00e7\u00e3o no computador \ud83d\udcf1 Vers\u00e3o visualiza\u00e7\u00e3o no celular 3 Banners \ud83d\udcbb Vers\u00e3o visualiza\u00e7\u00e3o no computador \ud83d\udcf1 Vers\u00e3o visualiza\u00e7\u00e3o no celular<\/p>\n","protected":false},"author":18,"featured_media":0,"parent":1968,"menu_order":0,"comment_status":"closed","ping_status":"closed","template":"","meta":{"_acf_changed":false,"inline_featured_image":false,"footnotes":""},"class_list":["post-2124","page","type-page","status-publish","hentry"],"acf":[],"yoast_head":"<!-- This site is optimized with the Yoast SEO plugin v25.0 - https:\/\/yoast.com\/wordpress\/plugins\/seo\/ -->\n<title>Banners femininos de cole\u00e7\u00f5es - Blog da Yampi<\/title>\n<meta name=\"robots\" content=\"noindex, nofollow\" \/>\n<meta property=\"og:locale\" content=\"pt_BR\" \/>\n<meta property=\"og:type\" content=\"article\" \/>\n<meta property=\"og:title\" content=\"Banners femininos de cole\u00e7\u00f5es - Blog da Yampi\" \/>\n<meta property=\"og:description\" content=\"DICA: Use banners enfileirados para criar links com p\u00e1ginas de produtos e cole\u00e7\u00f5es. Banner principal \ud83d\udcbb Vers\u00e3o visualiza\u00e7\u00e3o no computador \ud83d\udcf1 Vers\u00e3o visualiza\u00e7\u00e3o no celular 3 Banners \ud83d\udcbb Vers\u00e3o visualiza\u00e7\u00e3o no computador \ud83d\udcf1 Vers\u00e3o visualiza\u00e7\u00e3o no celular\" \/>\n<meta property=\"og:url\" content=\"https:\/\/www.yampi.com.br\/blog\/central-de-banners\/banners-femininos-de-colecoes\/\" \/>\n<meta property=\"og:site_name\" content=\"Blog da Yampi\" \/>\n<meta property=\"article:publisher\" content=\"https:\/\/www.facebook.com\/somosyampi\" \/>\n<meta property=\"article:modified_time\" content=\"2024-01-17T21:11:42+00:00\" \/>\n<meta property=\"og:image\" content=\"https:\/\/www.yampi.com.br\/blog\/wp-content\/uploads\/2023\/12\/banner-principal-fixo-1200x500px-feminino.jpg\" \/>\n<meta name=\"twitter:card\" content=\"summary_large_image\" \/>\n<meta name=\"twitter:label1\" content=\"Est. reading time\" \/>\n\t<meta name=\"twitter:data1\" content=\"2 minutos\" \/>\n<script type=\"application\/ld+json\" class=\"yoast-schema-graph\">{\"@context\":\"https:\/\/schema.org\",\"@graph\":[{\"@type\":\"WebPage\",\"@id\":\"https:\/\/www.yampi.com.br\/blog\/central-de-banners\/banners-femininos-de-colecoes\/\",\"url\":\"https:\/\/www.yampi.com.br\/blog\/central-de-banners\/banners-femininos-de-colecoes\/\",\"name\":\"Banners femininos de cole\u00e7\u00f5es - Blog da Yampi\",\"isPartOf\":{\"@id\":\"https:\/\/www.yampi.com.br\/blog\/#website\"},\"primaryImageOfPage\":{\"@id\":\"https:\/\/www.yampi.com.br\/blog\/central-de-banners\/banners-femininos-de-colecoes\/#primaryimage\"},\"image\":{\"@id\":\"https:\/\/www.yampi.com.br\/blog\/central-de-banners\/banners-femininos-de-colecoes\/#primaryimage\"},\"thumbnailUrl\":\"https:\/\/www.yampi.com.br\/blog\/wp-content\/uploads\/2023\/12\/banner-principal-fixo-1200x500px-feminino.jpg\",\"datePublished\":\"2023-12-20T18:20:45+00:00\",\"dateModified\":\"2024-01-17T21:11:42+00:00\",\"breadcrumb\":{\"@id\":\"https:\/\/www.yampi.com.br\/blog\/central-de-banners\/banners-femininos-de-colecoes\/#breadcrumb\"},\"inLanguage\":\"pt-BR\",\"potentialAction\":[{\"@type\":\"ReadAction\",\"target\":[\"https:\/\/www.yampi.com.br\/blog\/central-de-banners\/banners-femininos-de-colecoes\/\"]}]},{\"@type\":\"ImageObject\",\"inLanguage\":\"pt-BR\",\"@id\":\"https:\/\/www.yampi.com.br\/blog\/central-de-banners\/banners-femininos-de-colecoes\/#primaryimage\",\"url\":\"https:\/\/www.yampi.com.br\/blog\/wp-content\/uploads\/2023\/12\/banner-principal-fixo-1200x500px-feminino.jpg\",\"contentUrl\":\"https:\/\/www.yampi.com.br\/blog\/wp-content\/uploads\/2023\/12\/banner-principal-fixo-1200x500px-feminino.jpg\"},{\"@type\":\"BreadcrumbList\",\"@id\":\"https:\/\/www.yampi.com.br\/blog\/central-de-banners\/banners-femininos-de-colecoes\/#breadcrumb\",\"itemListElement\":[{\"@type\":\"ListItem\",\"position\":1,\"name\":\"Blog\",\"item\":\"https:\/\/www.yampi.com.br\/blog\/\"},{\"@type\":\"ListItem\",\"position\":2,\"name\":\"Central De Banners\",\"item\":\"https:\/\/www.yampi.com.br\/blog\/central-de-banners\/\"},{\"@type\":\"ListItem\",\"position\":3,\"name\":\"Banners femininos de cole\u00e7\u00f5es\"}]},{\"@type\":\"WebSite\",\"@id\":\"https:\/\/www.yampi.com.br\/blog\/#website\",\"url\":\"https:\/\/www.yampi.com.br\/blog\/\",\"name\":\"Blog da Yampi\",\"description\":\"Conte\u00fado sobre e-commerce\",\"publisher\":{\"@id\":\"https:\/\/www.yampi.com.br\/blog\/#organization\"},\"potentialAction\":[{\"@type\":\"SearchAction\",\"target\":{\"@type\":\"EntryPoint\",\"urlTemplate\":\"https:\/\/www.yampi.com.br\/blog\/?s={search_term_string}\"},\"query-input\":{\"@type\":\"PropertyValueSpecification\",\"valueRequired\":true,\"valueName\":\"search_term_string\"}}],\"inLanguage\":\"pt-BR\"},{\"@type\":\"Organization\",\"@id\":\"https:\/\/www.yampi.com.br\/blog\/#organization\",\"name\":\"Yampi\",\"url\":\"https:\/\/www.yampi.com.br\/blog\/\",\"logo\":{\"@type\":\"ImageObject\",\"inLanguage\":\"pt-BR\",\"@id\":\"https:\/\/www.yampi.com.br\/blog\/#\/schema\/logo\/image\/\",\"url\":\"https:\/\/www.yampi.com.br\/blog\/wp-content\/uploads\/2022\/06\/cropped-favicon.png\",\"contentUrl\":\"https:\/\/www.yampi.com.br\/blog\/wp-content\/uploads\/2022\/06\/cropped-favicon.png\",\"width\":512,\"height\":512,\"caption\":\"Yampi\"},\"image\":{\"@id\":\"https:\/\/www.yampi.com.br\/blog\/#\/schema\/logo\/image\/\"},\"sameAs\":[\"https:\/\/www.facebook.com\/somosyampi\",\"https:\/\/www.instagram.com\/somosyampi\",\"https:\/\/www.linkedin.com\/company\/somosyampi\",\"https:\/\/www.youtube.com\/channel\/UCDfDYNkud7PL9N2TDnD4Mtg\",\"https:\/\/yampi.gupy.io\/\"]}]}<\/script>\n<!-- \/ Yoast SEO plugin. -->","yoast_head_json":{"title":"Banners femininos de cole\u00e7\u00f5es - Blog da Yampi","robots":{"index":"noindex","follow":"nofollow"},"og_locale":"pt_BR","og_type":"article","og_title":"Banners femininos de cole\u00e7\u00f5es - Blog da Yampi","og_description":"DICA: Use banners enfileirados para criar links com p\u00e1ginas de produtos e cole\u00e7\u00f5es. Banner principal \ud83d\udcbb Vers\u00e3o visualiza\u00e7\u00e3o no computador \ud83d\udcf1 Vers\u00e3o visualiza\u00e7\u00e3o no celular 3 Banners \ud83d\udcbb Vers\u00e3o visualiza\u00e7\u00e3o no computador \ud83d\udcf1 Vers\u00e3o visualiza\u00e7\u00e3o no celular","og_url":"https:\/\/www.yampi.com.br\/blog\/central-de-banners\/banners-femininos-de-colecoes\/","og_site_name":"Blog da Yampi","article_publisher":"https:\/\/www.facebook.com\/somosyampi","article_modified_time":"2024-01-17T21:11:42+00:00","og_image":[{"url":"https:\/\/www.yampi.com.br\/blog\/wp-content\/uploads\/2023\/12\/banner-principal-fixo-1200x500px-feminino.jpg","type":"","width":"","height":""}],"twitter_card":"summary_large_image","twitter_misc":{"Est. reading time":"2 minutos"},"schema":{"@context":"https:\/\/schema.org","@graph":[{"@type":"WebPage","@id":"https:\/\/www.yampi.com.br\/blog\/central-de-banners\/banners-femininos-de-colecoes\/","url":"https:\/\/www.yampi.com.br\/blog\/central-de-banners\/banners-femininos-de-colecoes\/","name":"Banners femininos de cole\u00e7\u00f5es - Blog da Yampi","isPartOf":{"@id":"https:\/\/www.yampi.com.br\/blog\/#website"},"primaryImageOfPage":{"@id":"https:\/\/www.yampi.com.br\/blog\/central-de-banners\/banners-femininos-de-colecoes\/#primaryimage"},"image":{"@id":"https:\/\/www.yampi.com.br\/blog\/central-de-banners\/banners-femininos-de-colecoes\/#primaryimage"},"thumbnailUrl":"https:\/\/www.yampi.com.br\/blog\/wp-content\/uploads\/2023\/12\/banner-principal-fixo-1200x500px-feminino.jpg","datePublished":"2023-12-20T18:20:45+00:00","dateModified":"2024-01-17T21:11:42+00:00","breadcrumb":{"@id":"https:\/\/www.yampi.com.br\/blog\/central-de-banners\/banners-femininos-de-colecoes\/#breadcrumb"},"inLanguage":"pt-BR","potentialAction":[{"@type":"ReadAction","target":["https:\/\/www.yampi.com.br\/blog\/central-de-banners\/banners-femininos-de-colecoes\/"]}]},{"@type":"ImageObject","inLanguage":"pt-BR","@id":"https:\/\/www.yampi.com.br\/blog\/central-de-banners\/banners-femininos-de-colecoes\/#primaryimage","url":"https:\/\/www.yampi.com.br\/blog\/wp-content\/uploads\/2023\/12\/banner-principal-fixo-1200x500px-feminino.jpg","contentUrl":"https:\/\/www.yampi.com.br\/blog\/wp-content\/uploads\/2023\/12\/banner-principal-fixo-1200x500px-feminino.jpg"},{"@type":"BreadcrumbList","@id":"https:\/\/www.yampi.com.br\/blog\/central-de-banners\/banners-femininos-de-colecoes\/#breadcrumb","itemListElement":[{"@type":"ListItem","position":1,"name":"Blog","item":"https:\/\/www.yampi.com.br\/blog\/"},{"@type":"ListItem","position":2,"name":"Central De Banners","item":"https:\/\/www.yampi.com.br\/blog\/central-de-banners\/"},{"@type":"ListItem","position":3,"name":"Banners femininos de cole\u00e7\u00f5es"}]},{"@type":"WebSite","@id":"https:\/\/www.yampi.com.br\/blog\/#website","url":"https:\/\/www.yampi.com.br\/blog\/","name":"Blog da Yampi","description":"Conte\u00fado sobre e-commerce","publisher":{"@id":"https:\/\/www.yampi.com.br\/blog\/#organization"},"potentialAction":[{"@type":"SearchAction","target":{"@type":"EntryPoint","urlTemplate":"https:\/\/www.yampi.com.br\/blog\/?s={search_term_string}"},"query-input":{"@type":"PropertyValueSpecification","valueRequired":true,"valueName":"search_term_string"}}],"inLanguage":"pt-BR"},{"@type":"Organization","@id":"https:\/\/www.yampi.com.br\/blog\/#organization","name":"Yampi","url":"https:\/\/www.yampi.com.br\/blog\/","logo":{"@type":"ImageObject","inLanguage":"pt-BR","@id":"https:\/\/www.yampi.com.br\/blog\/#\/schema\/logo\/image\/","url":"https:\/\/www.yampi.com.br\/blog\/wp-content\/uploads\/2022\/06\/cropped-favicon.png","contentUrl":"https:\/\/www.yampi.com.br\/blog\/wp-content\/uploads\/2022\/06\/cropped-favicon.png","width":512,"height":512,"caption":"Yampi"},"image":{"@id":"https:\/\/www.yampi.com.br\/blog\/#\/schema\/logo\/image\/"},"sameAs":["https:\/\/www.facebook.com\/somosyampi","https:\/\/www.instagram.com\/somosyampi","https:\/\/www.linkedin.com\/company\/somosyampi","https:\/\/www.youtube.com\/channel\/UCDfDYNkud7PL9N2TDnD4Mtg","https:\/\/yampi.gupy.io\/"]}]}},"_links":{"self":[{"href":"https:\/\/www.yampi.com.br\/blog\/wp-json\/wp\/v2\/pages\/2124","targetHints":{"allow":["GET"]}}],"collection":[{"href":"https:\/\/www.yampi.com.br\/blog\/wp-json\/wp\/v2\/pages"}],"about":[{"href":"https:\/\/www.yampi.com.br\/blog\/wp-json\/wp\/v2\/types\/page"}],"author":[{"embeddable":true,"href":"https:\/\/www.yampi.com.br\/blog\/wp-json\/wp\/v2\/users\/18"}],"replies":[{"embeddable":true,"href":"https:\/\/www.yampi.com.br\/blog\/wp-json\/wp\/v2\/comments?post=2124"}],"version-history":[{"count":2,"href":"https:\/\/www.yampi.com.br\/blog\/wp-json\/wp\/v2\/pages\/2124\/revisions"}],"predecessor-version":[{"id":2176,"href":"https:\/\/www.yampi.com.br\/blog\/wp-json\/wp\/v2\/pages\/2124\/revisions\/2176"}],"up":[{"embeddable":true,"href":"https:\/\/www.yampi.com.br\/blog\/wp-json\/wp\/v2\/pages\/1968"}],"wp:attachment":[{"href":"https:\/\/www.yampi.com.br\/blog\/wp-json\/wp\/v2\/media?parent=2124"}],"curies":[{"name":"wp","href":"https:\/\/api.w.org\/{rel}","templated":true}]}}